{"id":29,"date":"2021-09-27T14:27:45","date_gmt":"2021-09-27T12:27:45","guid":{"rendered":"https:\/\/web44.ergotree.pl\/?page_id=29"},"modified":"2024-02-28T23:27:45","modified_gmt":"2024-02-28T22:27:45","slug":"strona-glowna","status":"publish","type":"page","link":"https:\/\/umbrellalogistics.pl\/","title":{"rendered":"Strona g\u0142\u00f3wna"},"content":{"rendered":"","protected":false},"excerpt":{"rendered":"","protected":false},"author":3,"featured_media":0,"parent":0,"menu_order":0,"comment_status":"closed","ping_status":"closed","template":"homepage.php","meta":{"inline_featured_image":false,"footnotes":""},"class_list":["post-29","page","type-page","status-publish","hentry"],"acf":[],"yoast_head":"<!-- This site is optimized with the Yoast SEO plugin v20.5 - https:\/\/yoast.com\/wordpress\/plugins\/seo\/ -->\n<title>Umbrella Logistics - Transport krajowy, mi\u0119dzynarodowy, ADR<\/title>\n<meta name=\"description\" content=\"Wykorzystujemy nasz\u0105 zdobywan\u0105 przez lata wiedz\u0119 i do\u015bwiadczenie, aby spe\u0142ni\u0107 wymagania naszych klient\u00f3w. Do ka\u017cdego zlecenia podchodzimy indywidualnie.\" \/>\n<meta name=\"robots\" content=\"index, follow, max-snippet:-1, max-image-preview:large, max-video-preview:-1\" \/>\n<link rel=\"canonical\" href=\"https:\/\/umbrellalogistics.pl\/\" \/>\n<meta property=\"og:locale\" content=\"pl_PL\" \/>\n<meta property=\"og:type\" content=\"article\" \/>\n<meta property=\"og:title\" content=\"Umbrella Logistics - Transport krajowy, mi\u0119dzynarodowy, ADR\" \/>\n<meta property=\"og:description\" content=\"Wykorzystujemy nasz\u0105 zdobywan\u0105 przez lata wiedz\u0119 i do\u015bwiadczenie, aby spe\u0142ni\u0107 wymagania naszych klient\u00f3w. Do ka\u017cdego zlecenia podchodzimy indywidualnie.\" \/>\n<meta property=\"og:url\" content=\"https:\/\/umbrellalogistics.pl\/\" \/>\n<meta property=\"og:site_name\" content=\"Umbrella Logistics\" \/>\n<meta property=\"article:modified_time\" content=\"2024-02-28T22:27:45+00:00\" \/>\n<meta name=\"twitter:card\" content=\"summary_large_image\" \/>\n<script type=\"application\/ld+json\" class=\"yoast-schema-graph\">{\"@context\":\"https:\/\/schema.org\",\"@graph\":[{\"@type\":\"WebPage\",\"@id\":\"https:\/\/umbrellalogistics.pl\/\",\"url\":\"https:\/\/umbrellalogistics.pl\/\",\"name\":\"Umbrella Logistics - Transport krajowy, mi\u0119dzynarodowy, ADR\",\"isPartOf\":{\"@id\":\"https:\/\/umbrellalogistics.pl\/#website\"},\"datePublished\":\"2021-09-27T12:27:45+00:00\",\"dateModified\":\"2024-02-28T22:27:45+00:00\",\"description\":\"Wykorzystujemy nasz\u0105 zdobywan\u0105 przez lata wiedz\u0119 i do\u015bwiadczenie, aby spe\u0142ni\u0107 wymagania naszych klient\u00f3w. Do ka\u017cdego zlecenia podchodzimy indywidualnie.\",\"breadcrumb\":{\"@id\":\"https:\/\/umbrellalogistics.pl\/#breadcrumb\"},\"inLanguage\":\"pl-PL\",\"potentialAction\":[{\"@type\":\"ReadAction\",\"target\":[\"https:\/\/umbrellalogistics.pl\/\"]}]},{\"@type\":\"BreadcrumbList\",\"@id\":\"https:\/\/umbrellalogistics.pl\/#breadcrumb\",\"itemListElement\":[{\"@type\":\"ListItem\",\"position\":1,\"name\":\"Strona g\u0142\u00f3wna\",\"item\":\"https:\/\/umbrellalogistics.pl\/\"},{\"@type\":\"ListItem\",\"position\":2,\"name\":\"Strona g\u0142\u00f3wna\"}]},{\"@type\":\"WebSite\",\"@id\":\"https:\/\/umbrellalogistics.pl\/#website\",\"url\":\"https:\/\/umbrellalogistics.pl\/\",\"name\":\"Umbrella Logistics\",\"description\":\"Sprawdzony partner w biznesie.\",\"publisher\":{\"@id\":\"https:\/\/umbrellalogistics.pl\/#organization\"},\"potentialAction\":[{\"@type\":\"SearchAction\",\"target\":{\"@type\":\"EntryPoint\",\"urlTemplate\":\"https:\/\/umbrellalogistics.pl\/?s={search_term_string}\"},\"query-input\":\"required name=search_term_string\"}],\"inLanguage\":\"pl-PL\"},{\"@type\":\"Organization\",\"@id\":\"https:\/\/umbrellalogistics.pl\/#organization\",\"name\":\"Umbrella Logistics\",\"url\":\"https:\/\/umbrellalogistics.pl\/\",\"logo\":{\"@type\":\"ImageObject\",\"inLanguage\":\"pl-PL\",\"@id\":\"https:\/\/umbrellalogistics.pl\/#\/schema\/logo\/image\/\",\"url\":\"https:\/\/umbrellalogistics.pl\/wp-content\/uploads\/2024\/02\/cropped-umbrella_logistics-logo.png\",\"contentUrl\":\"https:\/\/umbrellalogistics.pl\/wp-content\/uploads\/2024\/02\/cropped-umbrella_logistics-logo.png\",\"width\":230,\"height\":121,\"caption\":\"Umbrella Logistics\"},\"image\":{\"@id\":\"https:\/\/umbrellalogistics.pl\/#\/schema\/logo\/image\/\"}}]}<\/script>\n<!-- \/ Yoast SEO plugin. -->","yoast_head_json":{"title":"Umbrella Logistics - Transport krajowy, mi\u0119dzynarodowy, ADR","description":"Wykorzystujemy nasz\u0105 zdobywan\u0105 przez lata wiedz\u0119 i do\u015bwiadczenie, aby spe\u0142ni\u0107 wymagania naszych klient\u00f3w. Do ka\u017cdego zlecenia podchodzimy indywidualnie.","robots":{"index":"index","follow":"follow","max-snippet":"max-snippet:-1","max-image-preview":"max-image-preview:large","max-video-preview":"max-video-preview:-1"},"canonical":"https:\/\/umbrellalogistics.pl\/","og_locale":"pl_PL","og_type":"article","og_title":"Umbrella Logistics - Transport krajowy, mi\u0119dzynarodowy, ADR","og_description":"Wykorzystujemy nasz\u0105 zdobywan\u0105 przez lata wiedz\u0119 i do\u015bwiadczenie, aby spe\u0142ni\u0107 wymagania naszych klient\u00f3w. Do ka\u017cdego zlecenia podchodzimy indywidualnie.","og_url":"https:\/\/umbrellalogistics.pl\/","og_site_name":"Umbrella Logistics","article_modified_time":"2024-02-28T22:27:45+00:00","twitter_card":"summary_large_image","schema":{"@context":"https:\/\/schema.org","@graph":[{"@type":"WebPage","@id":"https:\/\/umbrellalogistics.pl\/","url":"https:\/\/umbrellalogistics.pl\/","name":"Umbrella Logistics - Transport krajowy, mi\u0119dzynarodowy, ADR","isPartOf":{"@id":"https:\/\/umbrellalogistics.pl\/#website"},"datePublished":"2021-09-27T12:27:45+00:00","dateModified":"2024-02-28T22:27:45+00:00","description":"Wykorzystujemy nasz\u0105 zdobywan\u0105 przez lata wiedz\u0119 i do\u015bwiadczenie, aby spe\u0142ni\u0107 wymagania naszych klient\u00f3w. Do ka\u017cdego zlecenia podchodzimy indywidualnie.","breadcrumb":{"@id":"https:\/\/umbrellalogistics.pl\/#breadcrumb"},"inLanguage":"pl-PL","potentialAction":[{"@type":"ReadAction","target":["https:\/\/umbrellalogistics.pl\/"]}]},{"@type":"BreadcrumbList","@id":"https:\/\/umbrellalogistics.pl\/#breadcrumb","itemListElement":[{"@type":"ListItem","position":1,"name":"Strona g\u0142\u00f3wna","item":"https:\/\/umbrellalogistics.pl\/"},{"@type":"ListItem","position":2,"name":"Strona g\u0142\u00f3wna"}]},{"@type":"WebSite","@id":"https:\/\/umbrellalogistics.pl\/#website","url":"https:\/\/umbrellalogistics.pl\/","name":"Umbrella Logistics","description":"Sprawdzony partner w biznesie.","publisher":{"@id":"https:\/\/umbrellalogistics.pl\/#organization"},"potentialAction":[{"@type":"SearchAction","target":{"@type":"EntryPoint","urlTemplate":"https:\/\/umbrellalogistics.pl\/?s={search_term_string}"},"query-input":"required name=search_term_string"}],"inLanguage":"pl-PL"},{"@type":"Organization","@id":"https:\/\/umbrellalogistics.pl\/#organization","name":"Umbrella Logistics","url":"https:\/\/umbrellalogistics.pl\/","logo":{"@type":"ImageObject","inLanguage":"pl-PL","@id":"https:\/\/umbrellalogistics.pl\/#\/schema\/logo\/image\/","url":"https:\/\/umbrellalogistics.pl\/wp-content\/uploads\/2024\/02\/cropped-umbrella_logistics-logo.png","contentUrl":"https:\/\/umbrellalogistics.pl\/wp-content\/uploads\/2024\/02\/cropped-umbrella_logistics-logo.png","width":230,"height":121,"caption":"Umbrella Logistics"},"image":{"@id":"https:\/\/umbrellalogistics.pl\/#\/schema\/logo\/image\/"}}]}},"_links":{"self":[{"href":"https:\/\/umbrellalogistics.pl\/index.php?rest_route=\/wp\/v2\/pages\/29","targetHints":{"allow":["GET"]}}],"collection":[{"href":"https:\/\/umbrellalogistics.pl\/index.php?rest_route=\/wp\/v2\/pages"}],"about":[{"href":"https:\/\/umbrellalogistics.pl\/index.php?rest_route=\/wp\/v2\/types\/page"}],"author":[{"embeddable":true,"href":"https:\/\/umbrellalogistics.pl\/index.php?rest_route=\/wp\/v2\/users\/3"}],"replies":[{"embeddable":true,"href":"https:\/\/umbrellalogistics.pl\/index.php?rest_route=%2Fwp%2Fv2%2Fcomments&post=29"}],"version-history":[{"count":81,"href":"https:\/\/umbrellalogistics.pl\/index.php?rest_route=\/wp\/v2\/pages\/29\/revisions"}],"predecessor-version":[{"id":461,"href":"https:\/\/umbrellalogistics.pl\/index.php?rest_route=\/wp\/v2\/pages\/29\/revisions\/461"}],"wp:attachment":[{"href":"https:\/\/umbrellalogistics.pl\/index.php?rest_route=%2Fwp%2Fv2%2Fmedia&parent=29"}],"curies":[{"name":"wp","href":"https:\/\/api.w.org\/{rel}","templated":true}]}}